{"id":383,"date":"2016-08-11T08:26:03","date_gmt":"2016-08-11T07:26:03","guid":{"rendered":"http:\/\/hackuj.cz\/?post_type=product&#038;p=383"},"modified":"2024-06-06T20:06:01","modified_gmt":"2024-06-06T19:06:01","slug":"spinkaci-pejsek","status":"publish","type":"product","link":"https:\/\/hackuj.cz\/?product=spinkaci-pejsek","title":{"rendered":"Spinkaj\u00edc\u00ed Pejsek"},"content":{"rendered":"","protected":false},"excerpt":{"rendered":"<p>Ru\u010dn\u011b h\u00e1\u010dkovan\u00e1 hra\u010dka pro d\u011bti.<br \/>\nVelikost: cca 23 x 17 x 8\u00a0cm<br \/>\nMateri\u00e1l: 100% bavlna<br \/>\nV\u00fdpl\u0148: dut\u00e9 vl\u00e1kno<br \/>\nMo\u017eno vyrobit v r\u016fzn\u00fdch barv\u00e1ch, tak\u00e9 s obojkem a n\u00e1pisem.<\/p>\n","protected":false},"featured_media":15686,"comment_status":"open","ping_status":"closed","template":"","meta":{"_monsterinsights_skip_tracking":false,"_monsterinsights_sitenote_active":false,"_monsterinsights_sitenote_note":"","_monsterinsights_sitenote_category":0},"product_brand":[],"product_cat":[11],"product_tag":[],"class_list":{"0":"post-383","1":"product","2":"type-product","3":"status-publish","4":"has-post-thumbnail","6":"product_cat-hotovehracky","8":"first","9":"instock","10":"shipping-taxable","11":"purchasable","12":"product-type-simple"},"aioseo_notices":[],"_links":{"self":[{"href":"https:\/\/hackuj.cz\/index.php?rest_route=\/wp\/v2\/product\/383","targetHints":{"allow":["GET"]}}],"collection":[{"href":"https:\/\/hackuj.cz\/index.php?rest_route=\/wp\/v2\/product"}],"about":[{"href":"https:\/\/hackuj.cz\/index.php?rest_route=\/wp\/v2\/types\/product"}],"replies":[{"embeddable":true,"href":"https:\/\/hackuj.cz\/index.php?rest_route=%2Fwp%2Fv2%2Fcomments&post=383"}],"wp:featuredmedia":[{"embeddable":true,"href":"https:\/\/hackuj.cz\/index.php?rest_route=\/wp\/v2\/media\/15686"}],"wp:attachment":[{"href":"https:\/\/hackuj.cz\/index.php?rest_route=%2Fwp%2Fv2%2Fmedia&parent=383"}],"wp:term":[{"taxonomy":"product_brand","embeddable":true,"href":"https:\/\/hackuj.cz\/index.php?rest_route=%2Fwp%2Fv2%2Fproduct_brand&post=383"},{"taxonomy":"product_cat","embeddable":true,"href":"https:\/\/hackuj.cz\/index.php?rest_route=%2Fwp%2Fv2%2Fproduct_cat&post=383"},{"taxonomy":"product_tag","embeddable":true,"href":"https:\/\/hackuj.cz\/index.php?rest_route=%2Fwp%2Fv2%2Fproduct_tag&post=383"}],"curies":[{"name":"wp","href":"https:\/\/api.w.org\/{rel}","templated":true}]}}